{"id":987999,"date":"2022-12-05T17:14:00","date_gmt":"2022-12-05T14:14:00","guid":{"rendered":"https:\/\/askarmotorluaraclar.com.tr\/?page_id=987999"},"modified":"2023-03-24T14:55:26","modified_gmt":"2023-03-24T11:55:26","slug":"hattat-spare-parts-dealership","status":"publish","type":"page","link":"https:\/\/askarmotorluaraclar.com.tr\/en\/spare-parts-dealers\/hattat-spare-parts-dealership\/","title":{"rendered":"Hattat"},"content":{"rendered":"\t\t<div data-elementor-type=\"wp-page\" data-elementor-id=\"987999\" class=\"elementor elementor-987999\" data-elementor-post-type=\"page\">\n\t\t\t\t\t\t<section class=\"elementor-section elementor-top-section elementor-element elementor-element-e85d058 elementor-section-full_width elementor-section-height-default elementor-section-height-default\" data-id=\"e85d058\" data-element_type=\"section\">\n\t\t\t\t\t\t<div class=\"elementor-container elementor-column-gap-no\">\n\t\t\t\t\t<div class=\"elementor-column elementor-col-50 elementor-top-column elementor-element elementor-element-93a8cd8 elementor-hidden-phone\" data-id=\"93a8cd8\" data-element_type=\"column\">\n\t\t\t<div class=\"elementor-widget-wrap\">\n\t\t\t\t\t\t\t<\/div>\n\t\t<\/div>\n\t\t\t\t<div class=\"elementor-column elementor-col-50 elementor-top-column elementor-element elementor-element-b738a59\" data-id=\"b738a59\" data-element_type=\"column\" data-settings=\"{&quot;background_background&quot;:&quot;classic&quot;}\">\n\t\t\t<div class=\"elementor-widget-wrap elementor-element-populated\">\n\t\t\t\t\t\t<div class=\"elementor-element elementor-element-2e32d41 elementor-widget elementor-widget-spacer\" data-id=\"2e32d41\" data-element_type=\"widget\" data-widget_type=\"spacer.default\">\n\t\t\t\t<div class=\"elementor-widget-container\">\n\t\t\t\t\t\t\t<div class=\"elementor-spacer\">\n\t\t\t<div class=\"elementor-spacer-inner\"><\/div>\n\t\t<\/div>\n\t\t\t\t\t\t<\/div>\n\t\t\t\t<\/div>\n\t\t\t\t\t<\/div>\n\t\t<\/div>\n\t\t\t\t\t<\/div>\n\t\t<\/section>\n\t\t\t\t<section class=\"elementor-section elementor-top-section elementor-element elementor-element-6d5ef08 elementor-section-height-min-height elementor-section-items-bottom elementor-section-content-bottom elementor-section-boxed elementor-section-height-default\" data-id=\"6d5ef08\" data-element_type=\"section\">\n\t\t\t\t\t\t<div class=\"elementor-container elementor-column-gap-no\">\n\t\t\t\t\t<div class=\"elementor-column elementor-col-50 elementor-top-column elementor-element elementor-element-afa0438\" data-id=\"afa0438\" data-element_type=\"column\" data-settings=\"{&quot;background_background&quot;:&quot;classic&quot;}\">\n\t\t\t<div class=\"elementor-widget-wrap elementor-element-populated\">\n\t\t\t\t\t\t<div class=\"elementor-element elementor-element-3d6e79f elementor-invisible elementor-widget elementor-widget-heading\" data-id=\"3d6e79f\" data-element_type=\"widget\" data-settings=\"{&quot;_animation&quot;:&quot;fadeInUp&quot;,&quot;_animation_tablet&quot;:&quot;none&quot;,&quot;_animation_mobile&quot;:&quot;none&quot;}\" data-widget_type=\"heading.default\">\n\t\t\t\t<div class=\"elementor-widget-container\">\n\t\t\t\t\t<h6 class=\"elementor-heading-title elementor-size-default\">Spare Parts Dealership<\/h6>\t\t\t\t<\/div>\n\t\t\t\t<\/div>\n\t\t\t\t\t<\/div>\n\t\t<\/div>\n\t\t\t\t<div class=\"elementor-column elementor-col-50 elementor-top-column elementor-element elementor-element-45661c7 elementor-hidden-phone\" data-id=\"45661c7\" data-element_type=\"column\">\n\t\t\t<div class=\"elementor-widget-wrap\">\n\t\t\t\t\t\t\t<\/div>\n\t\t<\/div>\n\t\t\t\t\t<\/div>\n\t\t<\/section>\n\t\t\t\t<section class=\"elementor-section elementor-top-section elementor-element elementor-element-4dba0c7 elementor-section-boxed elementor-section-height-default elementor-section-height-default\" data-id=\"4dba0c7\" data-element_type=\"section\">\n\t\t\t\t\t\t<div class=\"elementor-container elementor-column-gap-no\">\n\t\t\t\t\t<div class=\"elementor-column elementor-col-100 elementor-top-column elementor-element elementor-element-244990b\" data-id=\"244990b\" data-element_type=\"column\">\n\t\t\t<div class=\"elementor-widget-wrap elementor-element-populated\">\n\t\t\t\t\t\t<div class=\"elementor-element elementor-element-a3c839e elementor-invisible elementor-widget elementor-widget-heading\" data-id=\"a3c839e\" data-element_type=\"widget\" data-settings=\"{&quot;_animation&quot;:&quot;fadeIn&quot;}\" data-widget_type=\"heading.default\">\n\t\t\t\t<div class=\"elementor-widget-container\">\n\t\t\t\t\t<h2 class=\"elementor-heading-title elementor-size-default\">Hattat Spare Parts<\/h2>\t\t\t\t<\/div>\n\t\t\t\t<\/div>\n\t\t\t\t\t<\/div>\n\t\t<\/div>\n\t\t\t\t\t<\/div>\n\t\t<\/section>\n\t\t\t\t<section class=\"elementor-section elementor-top-section elementor-element elementor-element-b082596 elementor-section-boxed elementor-section-height-default elementor-section-height-default\" data-id=\"b082596\" data-element_type=\"section\">\n\t\t\t\t\t\t<div class=\"elementor-container elementor-column-gap-no\">\n\t\t\t\t\t<div class=\"elementor-column elementor-col-33 elementor-top-column elementor-element elementor-element-ee9df7f\" data-id=\"ee9df7f\" data-element_type=\"column\">\n\t\t\t<div class=\"elementor-widget-wrap elementor-element-populated\">\n\t\t\t\t\t\t<div class=\"elementor-element elementor-element-f6d5535 elementor-invisible elementor-widget elementor-widget-text-editor\" data-id=\"f6d5535\" data-element_type=\"widget\" data-settings=\"{&quot;_animation&quot;:&quot;fadeIn&quot;,&quot;_animation_delay&quot;:200}\" data-widget_type=\"text-editor.default\">\n\t\t\t\t<div class=\"elementor-widget-container\">\n\t\t\t\t\t\t\t\t\t<p>Hattat Otomotiv Pazarlama A.\u015e operates in 5 different business lines in global markets.<\/p><p>It has a strong distribution channel for Marine Engines and Tires as well as employees such as Automobile, Commercial Vehicle, Tractor, Industrial &amp; Mobile Hydraulics. In addition, it provides quality service with living spaces covering a certain period of time.<\/p>\t\t\t\t\t\t\t\t<\/div>\n\t\t\t\t<\/div>\n\t\t\t\t\t<\/div>\n\t\t<\/div>\n\t\t\t\t<div class=\"elementor-column elementor-col-33 elementor-top-column elementor-element elementor-element-8c09cb2 elementor-hidden-phone\" data-id=\"8c09cb2\" data-element_type=\"column\">\n\t\t\t<div class=\"elementor-widget-wrap\">\n\t\t\t\t\t\t\t<\/div>\n\t\t<\/div>\n\t\t\t\t<div class=\"elementor-column elementor-col-33 elementor-top-column elementor-element elementor-element-6e05202\" data-id=\"6e05202\" data-element_type=\"column\">\n\t\t\t<div class=\"elementor-widget-wrap elementor-element-populated\">\n\t\t\t\t\t\t<div class=\"elementor-element elementor-element-348d9fa elementor-invisible elementor-widget elementor-widget-text-editor\" data-id=\"348d9fa\" data-element_type=\"widget\" data-settings=\"{&quot;_animation&quot;:&quot;fadeIn&quot;,&quot;_animation_delay&quot;:200}\" data-widget_type=\"text-editor.default\">\n\t\t\t\t<div class=\"elementor-widget-container\">\n\t\t\t\t\t\t\t\t\t<p>Hattat Otomotiv Pazarlama A.\u015e continues to be preferred in the markets it targets by closely following the innovations in the global market, sharing its educated human resources and experience with the continuous distribution channel, and thus continues to benefit its business partners in its achievements.<\/p>\t\t\t\t\t\t\t\t<\/div>\n\t\t\t\t<\/div>\n\t\t\t\t\t<\/div>\n\t\t<\/div>\n\t\t\t\t\t<\/div>\n\t\t<\/section>\n\t\t\t\t<\/div>\n\t\t","protected":false},"excerpt":{"rendered":"<p>Spare Parts Dealership Hattat Spare Parts Hattat Otomotiv Pazarlama A.\u015e operates in 5 different business lines in global markets. It has a strong distribution channel for Marine Engines and Tires as well as employees such as Automobile, Commercial Vehicle, Tractor, Industrial &amp; Mobile Hydraulics. In addition, it provides quality service with living spaces covering a&#8230;<\/p>\n","protected":false},"author":1,"featured_media":0,"parent":987947,"menu_order":0,"comment_status":"closed","ping_status":"closed","template":"","meta":{"footnotes":""},"class_list":["post-987999","page","type-page","status-publish","hentry"],"yoast_head":"<!-- This site is optimized with the Yoast SEO plugin v26.4 - https:\/\/yoast.com\/wordpress\/plugins\/seo\/ -->\n<title>Hattat Spare Parts Dealership - Askar Motorlu Ara\u00e7lar<\/title>\n<meta name=\"description\" content=\"Bursa Avas Yedek Par\u00e7a Bayisi. Askar Motorlu Ara\u00e7lar yetkili servis ve yedek par\u00e7a bayili\u011fi firmas\u0131. 0224 441 41 46\" \/>\n<meta name=\"robots\" content=\"index, follow, max-snippet:-1, max-image-preview:large, max-video-preview:-1\" \/>\n<link rel=\"canonical\" href=\"https:\/\/askarmotorluaraclar.com.tr\/en\/spare-parts-dealers\/hattat-spare-parts-dealership\/\" \/>\n<meta property=\"og:locale\" content=\"tr_TR\" \/>\n<meta property=\"og:type\" content=\"article\" \/>\n<meta property=\"og:title\" content=\"Hattat Spare Parts Dealership - Askar Motorlu Ara\u00e7lar\" \/>\n<meta property=\"og:description\" content=\"Bursa Avas Yedek Par\u00e7a Bayisi. Askar Motorlu Ara\u00e7lar yetkili servis ve yedek par\u00e7a bayili\u011fi firmas\u0131. 0224 441 41 46\" \/>\n<meta property=\"og:url\" content=\"https:\/\/askarmotorluaraclar.com.tr\/en\/spare-parts-dealers\/hattat-spare-parts-dealership\/\" \/>\n<meta property=\"og:site_name\" content=\"Askar Motorlu Ara\u00e7lar\" \/>\n<meta property=\"article:modified_time\" content=\"2023-03-24T11:55:26+00:00\" \/>\n<meta name=\"twitter:card\" content=\"summary_large_image\" \/>\n<meta name=\"twitter:label1\" content=\"Tahmini okuma s\u00fcresi\" \/>\n\t<meta name=\"twitter:data1\" content=\"1 dakika\" \/>\n<script type=\"application\/ld+json\" class=\"yoast-schema-graph\">{\"@context\":\"https:\/\/schema.org\",\"@graph\":[{\"@type\":\"WebPage\",\"@id\":\"https:\/\/askarmotorluaraclar.com.tr\/en\/spare-parts-dealers\/hattat-spare-parts-dealership\/\",\"url\":\"https:\/\/askarmotorluaraclar.com.tr\/en\/spare-parts-dealers\/hattat-spare-parts-dealership\/\",\"name\":\"Hattat Spare Parts Dealership - Askar Motorlu Ara\u00e7lar\",\"isPartOf\":{\"@id\":\"https:\/\/askarmotorluaraclar.com.tr\/en\/#website\"},\"datePublished\":\"2022-12-05T14:14:00+00:00\",\"dateModified\":\"2023-03-24T11:55:26+00:00\",\"description\":\"Bursa Avas Yedek Par\u00e7a Bayisi. Askar Motorlu Ara\u00e7lar yetkili servis ve yedek par\u00e7a bayili\u011fi firmas\u0131. 0224 441 41 46\",\"breadcrumb\":{\"@id\":\"https:\/\/askarmotorluaraclar.com.tr\/en\/spare-parts-dealers\/hattat-spare-parts-dealership\/#breadcrumb\"},\"inLanguage\":\"tr\",\"potentialAction\":[{\"@type\":\"ReadAction\",\"target\":[\"https:\/\/askarmotorluaraclar.com.tr\/en\/spare-parts-dealers\/hattat-spare-parts-dealership\/\"]}]},{\"@type\":\"BreadcrumbList\",\"@id\":\"https:\/\/askarmotorluaraclar.com.tr\/en\/spare-parts-dealers\/hattat-spare-parts-dealership\/#breadcrumb\",\"itemListElement\":[{\"@type\":\"ListItem\",\"position\":1,\"name\":\"Anasayfa\",\"item\":\"https:\/\/askarmotorluaraclar.com.tr\/en\/\"},{\"@type\":\"ListItem\",\"position\":2,\"name\":\"Spare Parts Dealers\",\"item\":\"https:\/\/askarmotorluaraclar.com.tr\/en\/spare-parts-dealers\/\"},{\"@type\":\"ListItem\",\"position\":3,\"name\":\"Hattat\"}]},{\"@type\":\"WebSite\",\"@id\":\"https:\/\/askarmotorluaraclar.com.tr\/en\/#website\",\"url\":\"https:\/\/askarmotorluaraclar.com.tr\/en\/\",\"name\":\"Askar Motorlu Ara\u00e7lar\",\"description\":\"\",\"publisher\":{\"@id\":\"https:\/\/askarmotorluaraclar.com.tr\/en\/#organization\"},\"potentialAction\":[{\"@type\":\"SearchAction\",\"target\":{\"@type\":\"EntryPoint\",\"urlTemplate\":\"https:\/\/askarmotorluaraclar.com.tr\/en\/?s={search_term_string}\"},\"query-input\":{\"@type\":\"PropertyValueSpecification\",\"valueRequired\":true,\"valueName\":\"search_term_string\"}}],\"inLanguage\":\"tr\"},{\"@type\":\"Organization\",\"@id\":\"https:\/\/askarmotorluaraclar.com.tr\/en\/#organization\",\"name\":\"Askar Motorlu Ara\u00e7lar\",\"url\":\"https:\/\/askarmotorluaraclar.com.tr\/en\/\",\"logo\":{\"@type\":\"ImageObject\",\"inLanguage\":\"tr\",\"@id\":\"https:\/\/askarmotorluaraclar.com.tr\/en\/#\/schema\/logo\/image\/\",\"url\":\"https:\/\/askarmotorluaraclar.com.tr\/en\/wp-content\/uploads\/2021\/02\/logo-askar.png\",\"contentUrl\":\"https:\/\/askarmotorluaraclar.com.tr\/en\/wp-content\/uploads\/2021\/02\/logo-askar.png\",\"width\":250,\"height\":54,\"caption\":\"Askar Motorlu Ara\u00e7lar\"},\"image\":{\"@id\":\"https:\/\/askarmotorluaraclar.com.tr\/en\/#\/schema\/logo\/image\/\"}}]}<\/script>\n<!-- \/ Yoast SEO plugin. -->","yoast_head_json":{"title":"Hattat Spare Parts Dealership - Askar Motorlu Ara\u00e7lar","description":"Bursa Avas Yedek Par\u00e7a Bayisi. Askar Motorlu Ara\u00e7lar yetkili servis ve yedek par\u00e7a bayili\u011fi firmas\u0131. 0224 441 41 46","robots":{"index":"index","follow":"follow","max-snippet":"max-snippet:-1","max-image-preview":"max-image-preview:large","max-video-preview":"max-video-preview:-1"},"canonical":"https:\/\/askarmotorluaraclar.com.tr\/en\/spare-parts-dealers\/hattat-spare-parts-dealership\/","og_locale":"tr_TR","og_type":"article","og_title":"Hattat Spare Parts Dealership - Askar Motorlu Ara\u00e7lar","og_description":"Bursa Avas Yedek Par\u00e7a Bayisi. Askar Motorlu Ara\u00e7lar yetkili servis ve yedek par\u00e7a bayili\u011fi firmas\u0131. 0224 441 41 46","og_url":"https:\/\/askarmotorluaraclar.com.tr\/en\/spare-parts-dealers\/hattat-spare-parts-dealership\/","og_site_name":"Askar Motorlu Ara\u00e7lar","article_modified_time":"2023-03-24T11:55:26+00:00","twitter_card":"summary_large_image","twitter_misc":{"Tahmini okuma s\u00fcresi":"1 dakika"},"schema":{"@context":"https:\/\/schema.org","@graph":[{"@type":"WebPage","@id":"https:\/\/askarmotorluaraclar.com.tr\/en\/spare-parts-dealers\/hattat-spare-parts-dealership\/","url":"https:\/\/askarmotorluaraclar.com.tr\/en\/spare-parts-dealers\/hattat-spare-parts-dealership\/","name":"Hattat Spare Parts Dealership - Askar Motorlu Ara\u00e7lar","isPartOf":{"@id":"https:\/\/askarmotorluaraclar.com.tr\/en\/#website"},"datePublished":"2022-12-05T14:14:00+00:00","dateModified":"2023-03-24T11:55:26+00:00","description":"Bursa Avas Yedek Par\u00e7a Bayisi. Askar Motorlu Ara\u00e7lar yetkili servis ve yedek par\u00e7a bayili\u011fi firmas\u0131. 0224 441 41 46","breadcrumb":{"@id":"https:\/\/askarmotorluaraclar.com.tr\/en\/spare-parts-dealers\/hattat-spare-parts-dealership\/#breadcrumb"},"inLanguage":"tr","potentialAction":[{"@type":"ReadAction","target":["https:\/\/askarmotorluaraclar.com.tr\/en\/spare-parts-dealers\/hattat-spare-parts-dealership\/"]}]},{"@type":"BreadcrumbList","@id":"https:\/\/askarmotorluaraclar.com.tr\/en\/spare-parts-dealers\/hattat-spare-parts-dealership\/#breadcrumb","itemListElement":[{"@type":"ListItem","position":1,"name":"Anasayfa","item":"https:\/\/askarmotorluaraclar.com.tr\/en\/"},{"@type":"ListItem","position":2,"name":"Spare Parts Dealers","item":"https:\/\/askarmotorluaraclar.com.tr\/en\/spare-parts-dealers\/"},{"@type":"ListItem","position":3,"name":"Hattat"}]},{"@type":"WebSite","@id":"https:\/\/askarmotorluaraclar.com.tr\/en\/#website","url":"https:\/\/askarmotorluaraclar.com.tr\/en\/","name":"Askar Motorlu Ara\u00e7lar","description":"","publisher":{"@id":"https:\/\/askarmotorluaraclar.com.tr\/en\/#organization"},"potentialAction":[{"@type":"SearchAction","target":{"@type":"EntryPoint","urlTemplate":"https:\/\/askarmotorluaraclar.com.tr\/en\/?s={search_term_string}"},"query-input":{"@type":"PropertyValueSpecification","valueRequired":true,"valueName":"search_term_string"}}],"inLanguage":"tr"},{"@type":"Organization","@id":"https:\/\/askarmotorluaraclar.com.tr\/en\/#organization","name":"Askar Motorlu Ara\u00e7lar","url":"https:\/\/askarmotorluaraclar.com.tr\/en\/","logo":{"@type":"ImageObject","inLanguage":"tr","@id":"https:\/\/askarmotorluaraclar.com.tr\/en\/#\/schema\/logo\/image\/","url":"https:\/\/askarmotorluaraclar.com.tr\/en\/wp-content\/uploads\/2021\/02\/logo-askar.png","contentUrl":"https:\/\/askarmotorluaraclar.com.tr\/en\/wp-content\/uploads\/2021\/02\/logo-askar.png","width":250,"height":54,"caption":"Askar Motorlu Ara\u00e7lar"},"image":{"@id":"https:\/\/askarmotorluaraclar.com.tr\/en\/#\/schema\/logo\/image\/"}}]}},"_links":{"self":[{"href":"https:\/\/askarmotorluaraclar.com.tr\/en\/wp-json\/wp\/v2\/pages\/987999","targetHints":{"allow":["GET"]}}],"collection":[{"href":"https:\/\/askarmotorluaraclar.com.tr\/en\/wp-json\/wp\/v2\/pages"}],"about":[{"href":"https:\/\/askarmotorluaraclar.com.tr\/en\/wp-json\/wp\/v2\/types\/page"}],"author":[{"embeddable":true,"href":"https:\/\/askarmotorluaraclar.com.tr\/en\/wp-json\/wp\/v2\/users\/1"}],"replies":[{"embeddable":true,"href":"https:\/\/askarmotorluaraclar.com.tr\/en\/wp-json\/wp\/v2\/comments?post=987999"}],"version-history":[{"count":0,"href":"https:\/\/askarmotorluaraclar.com.tr\/en\/wp-json\/wp\/v2\/pages\/987999\/revisions"}],"up":[{"embeddable":true,"href":"https:\/\/askarmotorluaraclar.com.tr\/en\/wp-json\/wp\/v2\/pages\/987947"}],"wp:attachment":[{"href":"https:\/\/askarmotorluaraclar.com.tr\/en\/wp-json\/wp\/v2\/media?parent=987999"}],"curies":[{"name":"wp","href":"https:\/\/api.w.org\/{rel}","templated":true}]}}