{"id":3,"date":"2021-02-05T17:34:55","date_gmt":"2021-02-05T17:34:55","guid":{"rendered":"https:\/\/macchina.vamtam.com\/?page_id=3"},"modified":"2022-12-06T13:51:07","modified_gmt":"2022-12-06T10:51:07","slug":"kvkk-aydinlatma-metni","status":"publish","type":"page","link":"https:\/\/askarmotorluaraclar.com.tr\/en\/kvkk-aydinlatma-metni\/","title":{"rendered":"KVKK Ayd\u0131nlatma Metni"},"content":{"rendered":"\t\t<div data-elementor-type=\"wp-page\" data-elementor-id=\"3\" class=\"elementor elementor-3\" data-elementor-post-type=\"page\">\n\t\t\t\t\t\t<section class=\"elementor-section elementor-top-section elementor-element elementor-element-44278d1 elementor-section-boxed elementor-section-height-default elementor-section-height-default\" data-id=\"44278d1\" data-element_type=\"section\">\n\t\t\t\t\t\t<div class=\"elementor-container elementor-column-gap-no\">\n\t\t\t\t\t<div class=\"elementor-column elementor-col-100 elementor-top-column elementor-element elementor-element-ff31d07\" data-id=\"ff31d07\" data-element_type=\"column\">\n\t\t\t<div class=\"elementor-widget-wrap elementor-element-populated\">\n\t\t\t\t\t\t<div class=\"elementor-element elementor-element-f4f06e9 elementor-widget elementor-widget-spacer\" data-id=\"f4f06e9\" data-element_type=\"widget\" data-widget_type=\"spacer.default\">\n\t\t\t\t<div class=\"elementor-widget-container\">\n\t\t\t\t\t\t\t<div class=\"elementor-spacer\">\n\t\t\t<div class=\"elementor-spacer-inner\"><\/div>\n\t\t<\/div>\n\t\t\t\t\t\t<\/div>\n\t\t\t\t<\/div>\n\t\t\t\t<div class=\"elementor-element elementor-element-5a0beb9 elementor-widget elementor-widget-spacer\" data-id=\"5a0beb9\" data-element_type=\"widget\" data-widget_type=\"spacer.default\">\n\t\t\t\t<div class=\"elementor-widget-container\">\n\t\t\t\t\t\t\t<div class=\"elementor-spacer\">\n\t\t\t<div class=\"elementor-spacer-inner\"><\/div>\n\t\t<\/div>\n\t\t\t\t\t\t<\/div>\n\t\t\t\t<\/div>\n\t\t\t\t\t<\/div>\n\t\t<\/div>\n\t\t\t\t\t<\/div>\n\t\t<\/section>\n\t\t\t\t<section class=\"elementor-section elementor-top-section elementor-element elementor-element-581b164c elementor-section-boxed elementor-section-height-default elementor-section-height-default\" data-id=\"581b164c\" data-element_type=\"section\">\n\t\t\t\t\t\t<div class=\"elementor-container elementor-column-gap-no\">\n\t\t\t\t\t<div class=\"elementor-column elementor-col-100 elementor-top-column elementor-element elementor-element-2e484033\" data-id=\"2e484033\" data-element_type=\"column\">\n\t\t\t<div class=\"elementor-widget-wrap elementor-element-populated\">\n\t\t\t\t\t\t<div class=\"elementor-element elementor-element-36d31838 elementor-widget elementor-widget-text-editor\" data-id=\"36d31838\" data-element_type=\"widget\" data-widget_type=\"text-editor.default\">\n\t\t\t\t<div class=\"elementor-widget-container\">\n\t\t\t\t\t\t\t\t\t<h2>ASKAR MOTORLU ARA\u00c7LAR<\/h2>\n<h3>K\u0130\u015e\u0130SEL VER\u0130LER\u0130N \u0130\u015eLENMES\u0130NE \u0130L\u0130\u015eK\u0130N AYDINLATMA METN\u0130<\/h3>\n<h4>a) Veri Sorumlusu ve Temsilcisi:<\/h4>\n<p>6698 say\u0131l\u0131 Ki\u015fisel Verilerin Korunmas\u0131 Kanunu (\u201c6698 say\u0131l\u0131 Kanun\u201d) uyar\u0131nca, ki\u015fisel verileriniz; veri sorumlusu olarak Askar Motorlu Ara\u00e7lar \u201c\u015eirket\u201d) taraf\u0131ndan a\u015fa\u011f\u0131da a\u00e7\u0131klanan kapsamda i\u015flenebilecektir.<\/p>\n<h4>b) Ki\u015fisel Verilerin Hangi Ama\u00e7la \u0130\u015flenece\u011fi:<\/h4>\n<p>Toplanan ki\u015fisel verileriniz, ki\u015fisel verilerinizi bizlere a\u00e7\u0131klaman\u0131za konu olan; \u015eirket&#8217;in ve \u015eirket&#8217;le i\u015f ili\u015fkisi i\u00e7erisinde olan ilgili ki\u015filerin hukuki, teknik ve ticari-i\u015f g\u00fcvenli\u011finin temini; \u015eirket taraf\u0131ndan sunulan \u00fcr\u00fcn ve hizmetlerden ilgili ki\u015fileri faydaland\u0131rmak i\u00e7in gerekli \u00e7al\u0131\u015fmalar\u0131n i\u015f birimlerimiz taraf\u0131ndan yap\u0131lmas\u0131 ve ilgili i\u015f s\u00fcre\u00e7lerinin y\u00fcr\u00fct\u00fclmesi; \u015eirket&#8217;in ticari ve\/veya i\u015f stratejilerinin planlanmas\u0131 ve icras\u0131; \u015eirket taraf\u0131ndan y\u00fcr\u00fct\u00fclen ticari faaliyetlerin ger\u00e7ekle\u015ftirilmesi i\u00e7in ilgili i\u015f birimlerimiz taraf\u0131ndan gerekli \u00e7al\u0131\u015fmalar\u0131n yap\u0131lmas\u0131 ve buna ba\u011fl\u0131 i\u015f s\u00fcre\u00e7lerinin y\u00fcr\u00fct\u00fclmesi; \u015eirket&#8217;in \u0130nsan kaynaklar\u0131 politikalar\u0131 ve s\u00fcre\u00e7lerinin planlanmas\u0131n\u0131n ve icra edilmesi ama\u00e7lar\u0131yla 6698 say\u0131l\u0131 Kanun\u2019un 5. ve 6. maddelerinde belirtilen ki\u015fisel veri i\u015fleme \u015fartlar\u0131 ve ama\u00e7lar\u0131 dahilinde i\u015flenecektir. Ki\u015fisel verilerinizin \u015eirketimiz taraf\u0131ndan i\u015flenme ama\u00e7lar\u0131 konusunda detayl\u0131 bilgilere; www.askarmotorluaraclar.com.tr internet adresinden kamuoyu ile payla\u015f\u0131lm\u0131\u015f olan Askar Motorlu Ara\u00e7lar Ki\u015fisel Verilerin Korunmas\u0131 ve \u0130\u015flenmesi Politikas\u0131ndan ula\u015fabilirsiniz.<\/p>\n<h4>c) \u0130\u015flenen Ki\u015fisel Verilerin Kimlere ve Hangi Ama\u00e7la Aktar\u0131labilece\u011fi:<\/h4>\n<p>Toplanan ki\u015fisel verileriniz; \u015eirket taraf\u0131ndan y\u00fcr\u00fct\u00fclen ticari faaliyetlerin ger\u00e7ekle\u015ftirilmesi i\u00e7in ilgili i\u015f birimlerimiz taraf\u0131ndan gerekli \u00e7al\u0131\u015fmalar\u0131n yap\u0131lmas\u0131 ve buna ba\u011fl\u0131 i\u015f s\u00fcre\u00e7lerinin y\u00fcr\u00fct\u00fclmesi; \u015eirket taraf\u0131ndan sunulan \u00fcr\u00fcn ve hizmetlerden ilgili ki\u015fileri faydaland\u0131rmak i\u00e7in gerekli \u00e7al\u0131\u015fmalar\u0131n i\u015f birimlerimiz taraf\u0131ndan yap\u0131lmas\u0131 ve ilgili i\u015f s\u00fcre\u00e7lerinin y\u00fcr\u00fct\u00fclmesi; \u015eirket&#8217;in ticari ve\/veya i\u015f stratejilerinin planlanmas\u0131 ve icras\u0131; \u015eirket&#8217;in ve \u015firketle i\u015f ili\u015fkisi i\u00e7erisinde olan ilgili ki\u015filerin hukuki, teknik ve ticari-i\u015f g\u00fcvenli\u011finin temini ama\u00e7lar\u0131yla; ger\u00e7ek ki\u015filer veya \u00f6zel hukuk t\u00fczel ki\u015fileri, \u015firket ortaklar\u0131, grup \u015firketleri, i\u015f ortaklar\u0131, tedarik\u00e7iler, yetkili kamu kurum ve kurulu\u015flar\u0131, faaliyet gere\u011fi herkese a\u00e7\u0131k ve m\u00fc\u015fterilere, 6698 say\u0131l\u0131 Kanun\u2019un 8. ve 9. maddelerinde belirtilen ki\u015fisel veri i\u015fleme \u015fartlar\u0131 ve ama\u00e7lar\u0131 \u00e7er\u00e7evesinde www.askarmotorluaraclar.com.tr internet adresinden kamuoyu ile payla\u015f\u0131lm\u0131\u015f olan Askar Motorlu Ara\u00e7lar Ki\u015fisel Verilerin Korunmas\u0131 ve \u0130\u015flenmesi Politikas\u0131nda belirtilen ama\u00e7larla s\u0131n\u0131rl\u0131 olarak aktar\u0131labilecektir. \u015eirket\u2019in \u0130talya merkezli olmas\u0131ndan dolay\u0131, ayr\u0131ca mailing hizmetinin \u201cyurtd\u0131\u015f\u0131 kaynakl\u0131 server\u201d kullan\u0131lmas\u0131 sebepleriyle yurtd\u0131\u015f\u0131na veri transferi olmaktad\u0131r.<\/p>\n<h4>\u00e7) Ki\u015fisel Veri Toplaman\u0131n Y\u00f6ntemi ve Hukuki Sebebi:<\/h4>\n<p>Ki\u015fisel verileriniz \u015eirketimiz taraf\u0131ndan farkl\u0131 kanallarla ve farkl\u0131 hukuki sebeplere dayanarak; sundu\u011fumuz \u00fcr\u00fcn ile hizmetleri geli\u015ftirmek ve ticari faaliyetlerimizi y\u00fcr\u00fctmek ama\u00e7lar\u0131yla toplanmaktad\u0131r. Bu s\u00fcre\u00e7te ki\u015fisel verileriniz; internet sitelerimizdeki bilgi ve talep formlar\u0131 arac\u0131l\u0131\u011f\u0131yla yahut fiziki ortamda toplanmaktad\u0131r. Bu hukuki sebeple toplanan ki\u015fisel verileriniz 6698 say\u0131l\u0131 Kanun\u2019un 5. ve 6. maddelerinde belirtilen ki\u015fisel veri i\u015fleme \u015fartlar\u0131 ve ama\u00e7lar\u0131 kapsam\u0131nda bu Ayd\u0131nlatma Metni\u2019 nin (b) ve (c) maddelerinde belirtilen ama\u00e7larla da i\u015flenebilmekte ve aktar\u0131labilmektedir.<\/p>\n<h4>d) Ki\u015fisel Veri Sahibinin 6698 say\u0131l\u0131 Kanun\u2019un 11. maddesinde Say\u0131lan Haklar\u0131:<\/h4>\n<p>Ki\u015fisel verisi i\u015flenen ger\u00e7ek ki\u015filerin KVK Kanunu\u2019nun 11. maddesi uyar\u0131nca sahip oldu\u011fu haklar a\u015fa\u011f\u0131daki gibidir;<\/p>\n<ul>\n<li>Ki\u015fisel veri i\u015flenip i\u015flenmedi\u011fini \u00f6\u011frenme,<\/li>\n<li>Ki\u015fisel verileri i\u015flenmi\u015fse buna ili\u015fkin bilgi talep etme,<\/li>\n<li>Ki\u015fisel verilerin i\u015flenme amac\u0131n\u0131 ve bunlar\u0131n amac\u0131na uygun kullan\u0131l\u0131p kullan\u0131lmad\u0131\u011f\u0131n\u0131 \u00f6\u011frenme,<\/li>\n<li>Yurt i\u00e7inde veya yurt d\u0131\u015f\u0131nda ki\u015fisel verilerin aktar\u0131ld\u0131\u011f\u0131 \u00fc\u00e7\u00fcnc\u00fc ki\u015fileri bilme,<\/li>\n<li>Ki\u015fisel verilerin eksik veya yanl\u0131\u015f i\u015flenmi\u015f olmas\u0131 h\u00e2linde bunlar\u0131n d\u00fczeltilmesini isteme ve bu kapsamda yap\u0131lan i\u015flemin ki\u015fisel verilerin aktar\u0131ld\u0131\u011f\u0131 \u00fc\u00e7\u00fcnc\u00fc ki\u015filere bildirilmesini isteme,<\/li>\n<li>KVK Kanunu ve ilgili di\u011fer kanun h\u00fck\u00fcmlerine uygun olarak i\u015flenmi\u015f olmas\u0131na ra\u011fmen, i\u015flenmesini gerektiren sebeplerin ortadan kalkmas\u0131 h\u00e2linde ki\u015fisel verilerin silinmesini veya yok edilmesini isteme ve bu kapsamda yap\u0131lan i\u015flemin ki\u015fisel verilerin aktar\u0131ld\u0131\u011f\u0131 \u00fc\u00e7\u00fcnc\u00fc ki\u015filere bildirilmesini isteme,<\/li>\n<li>\u0130\u015flenen verilerin m\u00fcnhas\u0131ran otomatik sistemler vas\u0131tas\u0131yla analiz edilmesi suretiyle ki\u015finin kendisi aleyhine bir sonucun ortaya \u00e7\u0131kmas\u0131na itiraz etme,<\/li>\n<li>Ki\u015fisel verilerin kanuna ayk\u0131r\u0131 olarak i\u015flenmesi sebebiyle zarara u\u011framas\u0131 h\u00e2linde zarar\u0131n giderilmesini talep etme.<\/li>\n<\/ul>\n<p>Yukar\u0131da s\u0131ralanan haklar\u0131n\u0131za y\u00f6nelik ba\u015fvurular\u0131n\u0131z\u0131 kimli\u011finizi tespit edici gerekli bilgiler ile KVK Kanunu\u2019nun 11. maddesinde belirtilen haklardan kullanmay\u0131 talep etti\u011finiz hakk\u0131n\u0131za y\u00f6nelik a\u00e7\u0131klamalar\u0131n\u0131z\u0131 i\u00e7eren talebinizi; www.askarmotorluaraclar.com.tr internet adresinde yer alan \u201cVeri Sahibi Ba\u015fvuru Formunu\u201d doldurarak, formun imzal\u0131 bir n\u00fcshas\u0131n\u0131 \u201cAskar Motorlu Ara\u00e7lar. , Yaylac\u0131k Mah. \u0130zmir Yolu 13 Km. No 371\/1 Nil\u00fcfer\/BURSA\u201d adresine kimli\u011finizi tespit edici belgeler ile bizzat elden iletebilir, noter kanal\u0131yla veya KVK Kanunu\u2019nda belirtilen di\u011fer y\u00f6ntemler ile g\u00f6nderebilir veya ilgili formu bilgi@askarmotorluaraclar.com.tr adresine iletebilirsiniz. \u015eirketimiz, talebin niteli\u011fine g\u00f6re talebi en k\u0131sa s\u00fcrede ve en ge\u00e7 otuz (30) g\u00fcn i\u00e7inde \u00fccretsiz olarak sonu\u00e7land\u0131racakt\u0131r. Ancak, i\u015flemin ayr\u0131ca bir maliyeti gerektirmesi h\u00e2linde, taraf\u0131m\u0131zca Ki\u015fisel Verileri Koruma Kurulu taraf\u0131ndan belirlenen tarifedeki \u00fccret al\u0131nacakt\u0131r. Ba\u015fvurular T\u00fcrk\u00e7e yap\u0131lmal\u0131d\u0131r. Ba\u015fvurularda, ad, soyad\u0131 ve ba\u015fvuru yaz\u0131l\u0131 ise imza, T\u00fcrkiye Cumhuriyeti vatanda\u015flar\u0131 i\u00e7in T.C. kimlik numaras\u0131, yabanc\u0131lar i\u00e7in uyru\u011fu, pasaport numaras\u0131\/kimlik numaras\u0131, tebligata esas yerle\u015fim yeri veya i\u015fyeri adresi, varsa bildirime esas elektronik posta adresi, telefon veya faks numaras\u0131 ve talep konusu bulunmas\u0131 zorunludur. Ki\u015fisel veri sahibinin sahip oldu\u011fu ve yukar\u0131da belirtilen haklar\u0131 kullanmak i\u00e7in yapaca\u011f\u0131 ve kullanmay\u0131 talep etti\u011fi hakka ili\u015fkin a\u00e7\u0131klamalar\u0131 i\u00e7eren ba\u015fvuruda; talep etti\u011fi hususun a\u00e7\u0131k ve anla\u015f\u0131l\u0131r olmas\u0131, talep etti\u011fi konunun \u015fahs\u0131 ile ilgili olmas\u0131 veya ba\u015fkas\u0131 ad\u0131na hareket ediyor ise bu konuda \u00f6zel olarak yetkili olmas\u0131 ve yetkisini belgelendirmesi, ba\u015fvurunun kimlik ve adres bilgilerini i\u00e7ermesi ve ba\u015fvuruya kimli\u011fini tevsik edici belgelerin eklenmesi gerekmektedir. KVK Kanunu kapsam\u0131nda \u201cVeri Sorumlusu\u201d s\u0131fat\u0131yla bildiririz. Sayg\u0131lar\u0131m\u0131zla.<\/p>\t\t\t\t\t\t\t\t<\/div>\n\t\t\t\t<\/div>\n\t\t\t\t\t<\/div>\n\t\t<\/div>\n\t\t\t\t\t<\/div>\n\t\t<\/section>\n\t\t\t\t<\/div>\n\t\t","protected":false},"excerpt":{"rendered":"<p>ASKAR MOTORLU ARA\u00c7LAR K\u0130\u015e\u0130SEL VER\u0130LER\u0130N \u0130\u015eLENMES\u0130NE \u0130L\u0130\u015eK\u0130N AYDINLATMA METN\u0130 a) Veri Sorumlusu ve Temsilcisi: 6698 say\u0131l\u0131 Ki\u015fisel Verilerin Korunmas\u0131 Kanunu (\u201c6698 say\u0131l\u0131 Kanun\u201d) uyar\u0131nca, ki\u015fisel verileriniz; veri sorumlusu olarak Askar Motorlu Ara\u00e7lar \u201c\u015eirket\u201d) taraf\u0131ndan a\u015fa\u011f\u0131da a\u00e7\u0131klanan kapsamda i\u015flenebilecektir. b) Ki\u015fisel Verilerin Hangi Ama\u00e7la \u0130\u015flenece\u011fi: Toplanan ki\u015fisel verileriniz, ki\u015fisel verilerinizi bizlere a\u00e7\u0131klaman\u0131za konu olan; \u015eirket&#8217;in ve&#8230;<\/p>\n","protected":false},"author":1,"featured_media":0,"parent":0,"menu_order":0,"comment_status":"closed","ping_status":"open","template":"","meta":{"footnotes":""},"class_list":["post-3","page","type-page","status-publish","hentry"],"yoast_head":"<!-- This site is optimized with the Yoast SEO plugin v26.4 - https:\/\/yoast.com\/wordpress\/plugins\/seo\/ -->\n<title>KVKK Ayd\u0131nlatma Metni - Askar Motorlu Ara\u00e7lar<\/title>\n<meta name=\"description\" content=\"Bursa Askar Motorlu Ara\u00e7lar KVKK Ayd\u0131nlatma Metni. Ki\u015fisel Verilerin \u0130\u015flenmesi Hakk\u0131nda Ayd\u0131nlatma Bildirimi\" \/>\n<meta name=\"robots\" content=\"index, follow, max-snippet:-1, max-image-preview:large, max-video-preview:-1\" \/>\n<link rel=\"canonical\" href=\"https:\/\/askarmotorluaraclar.com.tr\/en\/kvkk-aydinlatma-metni\/\" \/>\n<meta property=\"og:locale\" content=\"tr_TR\" \/>\n<meta property=\"og:type\" content=\"article\" \/>\n<meta property=\"og:title\" content=\"KVKK Ayd\u0131nlatma Metni - Askar Motorlu Ara\u00e7lar\" \/>\n<meta property=\"og:description\" content=\"Bursa Askar Motorlu Ara\u00e7lar KVKK Ayd\u0131nlatma Metni. Ki\u015fisel Verilerin \u0130\u015flenmesi Hakk\u0131nda Ayd\u0131nlatma Bildirimi\" \/>\n<meta property=\"og:url\" content=\"https:\/\/askarmotorluaraclar.com.tr\/en\/kvkk-aydinlatma-metni\/\" \/>\n<meta property=\"og:site_name\" content=\"Askar Motorlu Ara\u00e7lar\" \/>\n<meta property=\"article:modified_time\" content=\"2022-12-06T10:51:07+00:00\" \/>\n<meta name=\"twitter:card\" content=\"summary_large_image\" \/>\n<meta name=\"twitter:label1\" content=\"Tahmini okuma s\u00fcresi\" \/>\n\t<meta name=\"twitter:data1\" content=\"5 dakika\" \/>\n<script type=\"application\/ld+json\" class=\"yoast-schema-graph\">{\"@context\":\"https:\/\/schema.org\",\"@graph\":[{\"@type\":\"WebPage\",\"@id\":\"https:\/\/askarmotorluaraclar.com.tr\/en\/kvkk-aydinlatma-metni\/\",\"url\":\"https:\/\/askarmotorluaraclar.com.tr\/en\/kvkk-aydinlatma-metni\/\",\"name\":\"KVKK Ayd\u0131nlatma Metni - Askar Motorlu Ara\u00e7lar\",\"isPartOf\":{\"@id\":\"https:\/\/askarmotorluaraclar.com.tr\/en\/#website\"},\"datePublished\":\"2021-02-05T17:34:55+00:00\",\"dateModified\":\"2022-12-06T10:51:07+00:00\",\"description\":\"Bursa Askar Motorlu Ara\u00e7lar KVKK Ayd\u0131nlatma Metni. Ki\u015fisel Verilerin \u0130\u015flenmesi Hakk\u0131nda Ayd\u0131nlatma Bildirimi\",\"breadcrumb\":{\"@id\":\"https:\/\/askarmotorluaraclar.com.tr\/en\/kvkk-aydinlatma-metni\/#breadcrumb\"},\"inLanguage\":\"tr\",\"potentialAction\":[{\"@type\":\"ReadAction\",\"target\":[\"https:\/\/askarmotorluaraclar.com.tr\/en\/kvkk-aydinlatma-metni\/\"]}]},{\"@type\":\"BreadcrumbList\",\"@id\":\"https:\/\/askarmotorluaraclar.com.tr\/en\/kvkk-aydinlatma-metni\/#breadcrumb\",\"itemListElement\":[{\"@type\":\"ListItem\",\"position\":1,\"name\":\"Anasayfa\",\"item\":\"https:\/\/askarmotorluaraclar.com.tr\/en\/\"},{\"@type\":\"ListItem\",\"position\":2,\"name\":\"KVKK Ayd\u0131nlatma Metni\"}]},{\"@type\":\"WebSite\",\"@id\":\"https:\/\/askarmotorluaraclar.com.tr\/en\/#website\",\"url\":\"https:\/\/askarmotorluaraclar.com.tr\/en\/\",\"name\":\"Askar Motorlu Ara\u00e7lar\",\"description\":\"\",\"publisher\":{\"@id\":\"https:\/\/askarmotorluaraclar.com.tr\/en\/#organization\"},\"potentialAction\":[{\"@type\":\"SearchAction\",\"target\":{\"@type\":\"EntryPoint\",\"urlTemplate\":\"https:\/\/askarmotorluaraclar.com.tr\/en\/?s={search_term_string}\"},\"query-input\":{\"@type\":\"PropertyValueSpecification\",\"valueRequired\":true,\"valueName\":\"search_term_string\"}}],\"inLanguage\":\"tr\"},{\"@type\":\"Organization\",\"@id\":\"https:\/\/askarmotorluaraclar.com.tr\/en\/#organization\",\"name\":\"Askar Motorlu Ara\u00e7lar\",\"url\":\"https:\/\/askarmotorluaraclar.com.tr\/en\/\",\"logo\":{\"@type\":\"ImageObject\",\"inLanguage\":\"tr\",\"@id\":\"https:\/\/askarmotorluaraclar.com.tr\/en\/#\/schema\/logo\/image\/\",\"url\":\"https:\/\/askarmotorluaraclar.com.tr\/en\/wp-content\/uploads\/2021\/02\/logo-askar.png\",\"contentUrl\":\"https:\/\/askarmotorluaraclar.com.tr\/en\/wp-content\/uploads\/2021\/02\/logo-askar.png\",\"width\":250,\"height\":54,\"caption\":\"Askar Motorlu Ara\u00e7lar\"},\"image\":{\"@id\":\"https:\/\/askarmotorluaraclar.com.tr\/en\/#\/schema\/logo\/image\/\"}}]}<\/script>\n<!-- \/ Yoast SEO plugin. -->","yoast_head_json":{"title":"KVKK Ayd\u0131nlatma Metni - Askar Motorlu Ara\u00e7lar","description":"Bursa Askar Motorlu Ara\u00e7lar KVKK Ayd\u0131nlatma Metni. Ki\u015fisel Verilerin \u0130\u015flenmesi Hakk\u0131nda Ayd\u0131nlatma Bildirimi","robots":{"index":"index","follow":"follow","max-snippet":"max-snippet:-1","max-image-preview":"max-image-preview:large","max-video-preview":"max-video-preview:-1"},"canonical":"https:\/\/askarmotorluaraclar.com.tr\/en\/kvkk-aydinlatma-metni\/","og_locale":"tr_TR","og_type":"article","og_title":"KVKK Ayd\u0131nlatma Metni - Askar Motorlu Ara\u00e7lar","og_description":"Bursa Askar Motorlu Ara\u00e7lar KVKK Ayd\u0131nlatma Metni. Ki\u015fisel Verilerin \u0130\u015flenmesi Hakk\u0131nda Ayd\u0131nlatma Bildirimi","og_url":"https:\/\/askarmotorluaraclar.com.tr\/en\/kvkk-aydinlatma-metni\/","og_site_name":"Askar Motorlu Ara\u00e7lar","article_modified_time":"2022-12-06T10:51:07+00:00","twitter_card":"summary_large_image","twitter_misc":{"Tahmini okuma s\u00fcresi":"5 dakika"},"schema":{"@context":"https:\/\/schema.org","@graph":[{"@type":"WebPage","@id":"https:\/\/askarmotorluaraclar.com.tr\/en\/kvkk-aydinlatma-metni\/","url":"https:\/\/askarmotorluaraclar.com.tr\/en\/kvkk-aydinlatma-metni\/","name":"KVKK Ayd\u0131nlatma Metni - Askar Motorlu Ara\u00e7lar","isPartOf":{"@id":"https:\/\/askarmotorluaraclar.com.tr\/en\/#website"},"datePublished":"2021-02-05T17:34:55+00:00","dateModified":"2022-12-06T10:51:07+00:00","description":"Bursa Askar Motorlu Ara\u00e7lar KVKK Ayd\u0131nlatma Metni. Ki\u015fisel Verilerin \u0130\u015flenmesi Hakk\u0131nda Ayd\u0131nlatma Bildirimi","breadcrumb":{"@id":"https:\/\/askarmotorluaraclar.com.tr\/en\/kvkk-aydinlatma-metni\/#breadcrumb"},"inLanguage":"tr","potentialAction":[{"@type":"ReadAction","target":["https:\/\/askarmotorluaraclar.com.tr\/en\/kvkk-aydinlatma-metni\/"]}]},{"@type":"BreadcrumbList","@id":"https:\/\/askarmotorluaraclar.com.tr\/en\/kvkk-aydinlatma-metni\/#breadcrumb","itemListElement":[{"@type":"ListItem","position":1,"name":"Anasayfa","item":"https:\/\/askarmotorluaraclar.com.tr\/en\/"},{"@type":"ListItem","position":2,"name":"KVKK Ayd\u0131nlatma Metni"}]},{"@type":"WebSite","@id":"https:\/\/askarmotorluaraclar.com.tr\/en\/#website","url":"https:\/\/askarmotorluaraclar.com.tr\/en\/","name":"Askar Motorlu Ara\u00e7lar","description":"","publisher":{"@id":"https:\/\/askarmotorluaraclar.com.tr\/en\/#organization"},"potentialAction":[{"@type":"SearchAction","target":{"@type":"EntryPoint","urlTemplate":"https:\/\/askarmotorluaraclar.com.tr\/en\/?s={search_term_string}"},"query-input":{"@type":"PropertyValueSpecification","valueRequired":true,"valueName":"search_term_string"}}],"inLanguage":"tr"},{"@type":"Organization","@id":"https:\/\/askarmotorluaraclar.com.tr\/en\/#organization","name":"Askar Motorlu Ara\u00e7lar","url":"https:\/\/askarmotorluaraclar.com.tr\/en\/","logo":{"@type":"ImageObject","inLanguage":"tr","@id":"https:\/\/askarmotorluaraclar.com.tr\/en\/#\/schema\/logo\/image\/","url":"https:\/\/askarmotorluaraclar.com.tr\/en\/wp-content\/uploads\/2021\/02\/logo-askar.png","contentUrl":"https:\/\/askarmotorluaraclar.com.tr\/en\/wp-content\/uploads\/2021\/02\/logo-askar.png","width":250,"height":54,"caption":"Askar Motorlu Ara\u00e7lar"},"image":{"@id":"https:\/\/askarmotorluaraclar.com.tr\/en\/#\/schema\/logo\/image\/"}}]}},"_links":{"self":[{"href":"https:\/\/askarmotorluaraclar.com.tr\/en\/wp-json\/wp\/v2\/pages\/3","targetHints":{"allow":["GET"]}}],"collection":[{"href":"https:\/\/askarmotorluaraclar.com.tr\/en\/wp-json\/wp\/v2\/pages"}],"about":[{"href":"https:\/\/askarmotorluaraclar.com.tr\/en\/wp-json\/wp\/v2\/types\/page"}],"author":[{"embeddable":true,"href":"https:\/\/askarmotorluaraclar.com.tr\/en\/wp-json\/wp\/v2\/users\/1"}],"replies":[{"embeddable":true,"href":"https:\/\/askarmotorluaraclar.com.tr\/en\/wp-json\/wp\/v2\/comments?post=3"}],"version-history":[{"count":0,"href":"https:\/\/askarmotorluaraclar.com.tr\/en\/wp-json\/wp\/v2\/pages\/3\/revisions"}],"wp:attachment":[{"href":"https:\/\/askarmotorluaraclar.com.tr\/en\/wp-json\/wp\/v2\/media?parent=3"}],"curies":[{"name":"wp","href":"https:\/\/api.w.org\/{rel}","templated":true}]}}